{"id":1858,"date":"2023-09-29T23:52:59","date_gmt":"2023-09-29T21:52:59","guid":{"rendered":"https:\/\/thesurfersbible.com\/bienvenue\/"},"modified":"2024-08-27T02:28:39","modified_gmt":"2024-08-27T00:28:39","slug":"bienvenue","status":"publish","type":"page","link":"https:\/\/thesurfersbible.com\/fr\/bienvenue\/","title":{"rendered":"D\u00e9couvrir"},"content":{"rendered":"\n<div class=\"wp-block-columns are-vertically-aligned-center is-layout-flex wp-container-core-columns-is-layout-9d6595d7 wp-block-columns-is-layout-flex\">\n<div class=\"wp-block-column is-vertically-aligned-center is-layout-flow wp-block-column-is-layout-flow\" style=\"flex-basis:50%\">\n<p class=\"has-large-font-size\"><strong>Ici, au Surfers Bible Project, notre objectif est de te fournir un plan de lecture pour d\u00e9couvrir une s\u00e9rie de vagues &#8230; de v\u00e9rit\u00e9 et d&#8217;amour.<\/strong><\/p>\n<\/div>\n\n\n\n<div class=\"wp-block-column is-vertically-aligned-center is-layout-flow wp-block-column-is-layout-flow\" style=\"flex-basis:25%\">\n<div class=\"wp-block-cover is-light has-colour-1-color has-text-color has-link-color wp-elements-cb4b4e4690b1cb19e8a293964103f1b4 wp-duotone-unset-1\"><span aria-hidden=\"true\" class=\"wp-block-cover__background has-colour-8-background-color has-background-dim-0 has-background-dim\"><\/span><img loading=\"lazy\" decoding=\"async\" width=\"1920\" height=\"1920\" class=\"wp-block-cover__image-background wp-image-631\" alt=\"\" src=\"https:\/\/thesurfersbible.com\/wp-content\/uploads\/CS-Surfers-Bible-Mockup-CoverC.jpeg\" style=\"object-position:54% 77%\" data-object-fit=\"cover\" data-object-position=\"54% 77%\" srcset=\"https:\/\/thesurfersbible.com\/wp-content\/uploads\/CS-Surfers-Bible-Mockup-CoverC.jpeg 1920w, https:\/\/thesurfersbible.com\/wp-content\/uploads\/CS-Surfers-Bible-Mockup-CoverC-300x300.jpeg 300w, https:\/\/thesurfersbible.com\/wp-content\/uploads\/CS-Surfers-Bible-Mockup-CoverC-100x100.jpeg 100w, https:\/\/thesurfersbible.com\/wp-content\/uploads\/CS-Surfers-Bible-Mockup-CoverC-600x600.jpeg 600w, https:\/\/thesurfersbible.com\/wp-content\/uploads\/CS-Surfers-Bible-Mockup-CoverC-768x768.jpeg 768w, https:\/\/thesurfersbible.com\/wp-content\/uploads\/CS-Surfers-Bible-Mockup-CoverC-1600x1600.jpeg 1600w, https:\/\/thesurfersbible.com\/wp-content\/uploads\/CS-Surfers-Bible-Mockup-CoverC-450x450.jpeg 450w, https:\/\/thesurfersbible.com\/wp-content\/uploads\/CS-Surfers-Bible-Mockup-CoverC-1536x1536.jpeg 1536w\" sizes=\"auto, (max-width: 1920px) 100vw, 1920px\" \/><div class=\"wp-block-cover__inner-container is-layout-constrained wp-block-cover-is-layout-constrained\">\n<p class=\"has-text-align-center has-colour-1-color has-text-color has-link-color has-large-font-size wp-elements-d92e69c3ce3ed0dd83eea191cbf1d3d8\"><strong>Commencer avec nos guides bibliques.<\/strong><\/p>\n\n\n\n<div class=\"wp-block-buttons is-content-justification-center is-layout-flex wp-container-core-buttons-is-layout-16018d1d wp-block-buttons-is-layout-flex\">\n<div class=\"wp-block-button\"><a class=\"wp-block-button__link has-colour-3-color has-colour-1-background-color has-text-color has-background has-link-color wp-element-button\" href=\"https:\/\/thesurfersbible.com\/fr\/guide\/\">Commencer<\/a><\/div>\n<\/div>\n<\/div><\/div>\n<\/div>\n\n\n\n<div class=\"wp-block-column is-vertically-aligned-center is-layout-flow wp-block-column-is-layout-flow\" style=\"flex-basis:25%\">\n<div class=\"wp-block-cover is-light\"><span aria-hidden=\"true\" class=\"wp-block-cover__background has-background-dim-0 has-background-dim\" style=\"background-color:#dcd0c9\"><\/span><img loading=\"lazy\" decoding=\"async\" width=\"1440\" height=\"810\" class=\"wp-block-cover__image-background wp-image-953\" alt=\"\" src=\"https:\/\/thesurfersbible.com\/wp-content\/uploads\/aaron-lieber-photo-scaled-1.jpg\" data-object-fit=\"cover\" srcset=\"https:\/\/thesurfersbible.com\/wp-content\/uploads\/aaron-lieber-photo-scaled-1.jpg 1440w, https:\/\/thesurfersbible.com\/wp-content\/uploads\/aaron-lieber-photo-scaled-1-600x338.jpg 600w, https:\/\/thesurfersbible.com\/wp-content\/uploads\/aaron-lieber-photo-scaled-1-768x432.jpg 768w, https:\/\/thesurfersbible.com\/wp-content\/uploads\/aaron-lieber-photo-scaled-1-450x253.jpg 450w\" sizes=\"auto, (max-width: 1440px) 100vw, 1440px\" \/><div class=\"wp-block-cover__inner-container is-layout-constrained wp-block-cover-is-layout-constrained\">\n<p class=\"has-text-align-center has-colour-1-color has-text-color has-link-color has-large-font-size wp-elements-00a3060defb261a257e3672ff6e4a0fa\"><strong>Trouve un surfeur local avec qui lire.<\/strong><\/p>\n\n\n\n<div class=\"wp-block-buttons is-content-justification-center is-layout-flex wp-container-core-buttons-is-layout-16018d1d wp-block-buttons-is-layout-flex\">\n<div class=\"wp-block-button\"><a class=\"wp-block-button__link has-colour-3-color has-colour-1-background-color has-text-color has-background has-link-color wp-element-button\" href=\"https:\/\/www.christiansurfers.net\/connect\">Trouve un surfeur local<\/a><\/div>\n<\/div>\n<\/div><\/div>\n<\/div>\n<\/div>\n\n\n\n<p><\/p>\n\n\n\n<div class=\"wp-block-group alignfull has-colour-6-background-color has-background\"><div class=\"wp-block-group__inner-container is-layout-constrained wp-block-group-is-layout-constrained\">\n<h3 class=\"wp-block-heading has-text-align-center\">Regarde les histoires d&#8217;autres surfeurs.<\/h3>\n\n\n\n<div class=\"wp-block-columns is-layout-flex wp-container-core-columns-is-layout-9d6595d7 wp-block-columns-is-layout-flex\">\n<div class=\"wp-block-column is-layout-flow wp-block-column-is-layout-flow\"><div id=\"post-tile-block_91180e2a5fdb35608df14486eb989684\" class=\"block-post-tile alignnone\">\n<!-- START Card 569 -->\n<article id=\"tile-569\" class=\"child tile cell post-569 story type-story status-publish has-post-thumbnail hentry\" data-equalizer-watch>\n    <div class=\"image\" style=\"background-image:url('https:\/\/thesurfersbible.com\/wp-content\/uploads\/BethanyPart1-52-of-102-scaled-1.jpg')\">\n        <a href=\"https:\/\/thesurfersbible.com\/story\/bethanyhamilton\/\"><span class=\"h2\">Bethany Hamilton<\/span><\/a>\n    <\/div>\n<\/article>\n<!-- END Card 569 -->\n<\/div>\n<\/div>\n\n\n\n<div class=\"wp-block-column is-layout-flow wp-block-column-is-layout-flow\"><div id=\"post-tile-block_cf82261de5db218e301fec9c88776e55\" class=\"block-post-tile alignnone\">\n<!-- START Card 580 -->\n<article id=\"tile-580\" class=\"child tile cell post-580 story type-story status-publish has-post-thumbnail hentry\" data-equalizer-watch>\n    <div class=\"image\" style=\"background-image:url('https:\/\/thesurfersbible.com\/wp-content\/uploads\/IMG_1081.jpg')\">\n        <a href=\"https:\/\/thesurfersbible.com\/story\/reefheazlewood\/\"><span class=\"h2\">Reef Heazlewood<\/span><\/a>\n    <\/div>\n<\/article>\n<!-- END Card 580 -->\n<\/div>\n<\/div>\n\n\n\n<div class=\"wp-block-column is-layout-flow wp-block-column-is-layout-flow\"><div id=\"post-tile-block_ac250ad36eee3f4c70b02caa5cde4c22\" class=\"block-post-tile alignnone\">\n<!-- START Card 576 -->\n<article id=\"tile-576\" class=\"child tile cell post-576 story type-story status-publish has-post-thumbnail hentry\" data-equalizer-watch>\n    <div class=\"image\" style=\"background-image:url('https:\/\/thesurfersbible.com\/wp-content\/uploads\/Ana-Barend-low-res-1600x1065.jpg')\">\n        <a href=\"https:\/\/thesurfersbible.com\/fr\/story\/anabarend\/\"><span class=\"h2\">Ana Barend<\/span><\/a>\n    <\/div>\n<\/article>\n<!-- END Card 576 -->\n<\/div>\n<\/div>\n<\/div>\n\n\n\n<div class=\"wp-block-buttons is-content-justification-center is-layout-flex wp-container-core-buttons-is-layout-16018d1d wp-block-buttons-is-layout-flex\">\n<div class=\"wp-block-button\"><a class=\"wp-block-button__link has-colour-2-color has-colour-0-background-color has-text-color has-background has-link-color has-border-color wp-element-button\" href=\"https:\/\/thesurfersbible.com\/fr\/story\/\" style=\"border-color:#005d80;border-width:2px\">Consulter tous les plans de lecture.<\/a><\/div>\n<\/div>\n\n\n\n<p><\/p>\n\n\n\n<h3 class=\"wp-block-heading has-text-align-center\">Explore les plans de lecture de la Bible.<\/h3>\n\n\n\n<div class=\"wp-block-columns is-layout-flex wp-container-core-columns-is-layout-9d6595d7 wp-block-columns-is-layout-flex\">\n<div class=\"wp-block-column is-layout-flow wp-block-column-is-layout-flow\"><div id=\"post-tile-block_5b2791e1a46db924d2643eee35de8206\" class=\"block-post-tile alignnone\">\n<!-- START Card 589 -->\n<article id=\"tile-589\" class=\"child tile cell post-589 guide type-guide status-publish has-post-thumbnail hentry\" data-equalizer-watch>\n    <div class=\"image\" style=\"background-image:url('https:\/\/thesurfersbible.com\/wp-content\/uploads\/credit_Alan_Van_Gysen_BrendonGibbens-346-e1717549130701.jpg')\">\n        <a href=\"https:\/\/thesurfersbible.com\/guide\/matthew\/\"><span class=\"h2\">MATTHEW<\/span><\/a>\n    <\/div>\n<\/article>\n<!-- END Card 589 -->\n<\/div>\n<\/div>\n\n\n\n<div class=\"wp-block-column is-layout-flow wp-block-column-is-layout-flow\"><div id=\"post-tile-block_d4fa1d8a0f6463c4cebc013808a02337\" class=\"block-post-tile alignnone\">\n<!-- START Card 595 -->\n<article id=\"tile-595\" class=\"child tile cell post-595 guide type-guide status-publish has-post-thumbnail hentry\" data-equalizer-watch>\n    <div class=\"image\" style=\"background-image:url('https:\/\/thesurfersbible.com\/wp-content\/uploads\/Huntington-Beach-2-e1717643226787.jpg')\">\n        <a href=\"https:\/\/thesurfersbible.com\/guide\/mark\/\"><span class=\"h2\">MARK<\/span><\/a>\n    <\/div>\n<\/article>\n<!-- END Card 595 -->\n<\/div>\n<\/div>\n\n\n\n<div class=\"wp-block-column is-layout-flow wp-block-column-is-layout-flow\"><div id=\"post-tile-block_a6924c77d2e595c1eaf8a046c16531c0\" class=\"block-post-tile alignnone\">\n<!-- START Card 1201 -->\n<article id=\"tile-1201\" class=\"child tile cell post-1201 guide type-guide status-publish has-post-thumbnail hentry\" data-equalizer-watch>\n    <div class=\"image\" style=\"background-image:url('https:\/\/thesurfersbible.com\/wp-content\/uploads\/Luke.jpg')\">\n        <a href=\"https:\/\/thesurfersbible.com\/guide\/luke\/\"><span class=\"h2\">LUKE<\/span><\/a>\n    <\/div>\n<\/article>\n<!-- END Card 1201 -->\n<\/div>\n<\/div>\n<\/div>\n\n\n\n<div class=\"wp-block-buttons is-content-justification-center is-layout-flex wp-container-core-buttons-is-layout-16018d1d wp-block-buttons-is-layout-flex\">\n<div class=\"wp-block-button\"><a class=\"wp-block-button__link has-colour-2-color has-colour-0-background-color has-text-color has-background has-link-color has-border-color wp-element-button\" href=\"https:\/\/thesurfersbible.com\/fr\/guide\/\" style=\"border-color:#005d80;border-width:2px\">Consulter tous les plans de lecture.<\/a><\/div>\n<\/div>\n<\/div><\/div>\n\n\n\n<div class=\"wp-block-cover alignwide has-custom-content-position is-position-center-left cover_layout\" style=\"min-height:600px;aspect-ratio:unset;\"><span aria-hidden=\"true\" class=\"wp-block-cover__background has-background-dim-20 has-background-dim wp-block-cover__gradient-background has-background-gradient has-black-to-transparent-diagonally-up-gradient-background\"><\/span><img loading=\"lazy\" decoding=\"async\" width=\"2500\" height=\"1406\" class=\"wp-block-cover__image-background wp-image-1696\" alt=\"\" src=\"https:\/\/thesurfersbible.com\/wp-content\/uploads\/03-CROSS-1.jpeg\" style=\"object-position:67% 48%\" data-object-fit=\"cover\" data-object-position=\"67% 48%\" srcset=\"https:\/\/thesurfersbible.com\/wp-content\/uploads\/03-CROSS-1.jpeg 2500w, https:\/\/thesurfersbible.com\/wp-content\/uploads\/03-CROSS-1-768x432.jpeg 768w, https:\/\/thesurfersbible.com\/wp-content\/uploads\/03-CROSS-1-1600x900.jpeg 1600w, https:\/\/thesurfersbible.com\/wp-content\/uploads\/03-CROSS-1-1536x864.jpeg 1536w, https:\/\/thesurfersbible.com\/wp-content\/uploads\/03-CROSS-1-2048x1152.jpeg 2048w, https:\/\/thesurfersbible.com\/wp-content\/uploads\/03-CROSS-1-450x253.jpeg 450w, https:\/\/thesurfersbible.com\/wp-content\/uploads\/03-CROSS-1-600x337.jpeg 600w\" sizes=\"auto, (max-width: 2500px) 100vw, 2500px\" \/><div class=\"wp-block-cover__inner-container is-layout-constrained wp-block-cover-is-layout-constrained\">\n<figure class=\"wp-block-image size-full is-resized text-center medium-text-left\"><img loading=\"lazy\" decoding=\"async\" width=\"1969\" height=\"509\" src=\"https:\/\/thesurfersbible.com\/wp-content\/uploads\/Surfers-Bible-CS-Logo-White.svg\" alt=\"\" class=\"wp-image-1652\" style=\"width:250px\"\/><\/figure>\n\n\n\n<p class=\"text-center medium-text-left has-colour-1-color has-text-color has-link-color has-large-font-size wp-elements-129dbaa5845654dc43c1638f59b58f63\"><strong>Christian Surfers exists so that every surfer has an opportunity to know and follow Jesus<\/strong><\/p>\n\n\n\n<div class=\"wp-block-buttons cover_btn_wrap is-content-justification-left is-layout-flex wp-container-core-buttons-is-layout-fdcfc74e wp-block-buttons-is-layout-flex\">\n<div class=\"wp-block-button\"><a class=\"wp-block-button__link has-colour-3-color has-colour-1-background-color has-text-color has-background has-link-color has-border-color has-colour-1-border-color wp-element-button\" href=\"https:\/\/www.christiansurfers.net\/connect\" style=\"border-width:2px\">Find your local CS crew<\/a><\/div>\n\n\n\n<div class=\"wp-block-button\"><a class=\"wp-block-button__link has-colour-1-color has-colour-0-background-color has-text-color has-background has-link-color has-border-color has-colour-1-border-color wp-element-button\" href=\"https:\/\/www.christiansurfers.net\/\" style=\"border-width:2px\" target=\"_blank\" rel=\"noreferrer noopener\">Learn more about Christian Surfers<\/a><\/div>\n<\/div>\n<\/div><\/div>\n","protected":false},"excerpt":{"rendered":"<p>Ici, au Surfers Bible Project, notre objectif est de te fournir un plan de lecture pour d\u00e9couvrir une s\u00e9rie de vagues &#8230; de v\u00e9rit\u00e9 et d&#8217;amour. Regarde les histoires d&#8217;autres surfeurs. Explore les plans de lecture de la Bible.<\/p>\n","protected":false},"author":3,"featured_media":1293,"parent":0,"menu_order":0,"comment_status":"closed","ping_status":"closed","template":"","meta":{"_acf_changed":false,"footnotes":""},"class_list":["post-1858","page","type-page","status-publish","has-post-thumbnail","hentry"],"acf":[],"yoast_head":"<!-- This site is optimized with the Yoast SEO plugin v22.9 - https:\/\/yoast.com\/wordpress\/plugins\/seo\/ -->\n<title>D\u00e9couvrir - Surfers Bible<\/title>\n<meta name=\"robots\" content=\"index, follow, max-snippet:-1, max-image-preview:large, max-video-preview:-1\" \/>\n<link rel=\"canonical\" href=\"https:\/\/thesurfersbible.com\/fr\/bienvenue\/\" \/>\n<meta property=\"og:locale\" content=\"fr_FR\" \/>\n<meta property=\"og:type\" content=\"article\" \/>\n<meta property=\"og:title\" content=\"D\u00e9couvrir - Surfers Bible\" \/>\n<meta property=\"og:description\" content=\"Ici, au Surfers Bible Project, notre objectif est de te fournir un plan de lecture pour d\u00e9couvrir une s\u00e9rie de vagues &#8230; de v\u00e9rit\u00e9 et d&#8217;amour. Regarde les histoires d&#8217;autres surfeurs. Explore les plans de lecture de la Bible.\" \/>\n<meta property=\"og:url\" content=\"https:\/\/thesurfersbible.com\/fr\/bienvenue\/\" \/>\n<meta property=\"og:site_name\" content=\"Surfers Bible\" \/>\n<meta property=\"article:publisher\" content=\"https:\/\/www.facebook.com\/csinternational\/\" \/>\n<meta property=\"article:modified_time\" content=\"2024-08-27T00:28:39+00:00\" \/>\n<meta property=\"og:image\" content=\"https:\/\/thesurfersbible.com\/wp-content\/uploads\/Copy-of-AVG01594-low-res-e1718582946556.jpg\" \/>\n\t<meta property=\"og:image:width\" content=\"831\" \/>\n\t<meta property=\"og:image:height\" content=\"631\" \/>\n\t<meta property=\"og:image:type\" content=\"image\/jpeg\" \/>\n<meta name=\"twitter:card\" content=\"summary_large_image\" \/>\n<meta name=\"twitter:label1\" content=\"Dur\u00e9e de lecture estim\u00e9e\" \/>\n\t<meta name=\"twitter:data1\" content=\"2 minutes\" \/>\n<script type=\"application\/ld+json\" class=\"yoast-schema-graph\">{\"@context\":\"https:\/\/schema.org\",\"@graph\":[{\"@type\":\"WebPage\",\"@id\":\"https:\/\/thesurfersbible.com\/fr\/bienvenue\/\",\"url\":\"https:\/\/thesurfersbible.com\/fr\/bienvenue\/\",\"name\":\"D\u00e9couvrir - Surfers Bible\",\"isPartOf\":{\"@id\":\"https:\/\/thesurfersbible.com\/fr\/#website\"},\"primaryImageOfPage\":{\"@id\":\"https:\/\/thesurfersbible.com\/fr\/bienvenue\/#primaryimage\"},\"image\":{\"@id\":\"https:\/\/thesurfersbible.com\/fr\/bienvenue\/#primaryimage\"},\"thumbnailUrl\":\"https:\/\/thesurfersbible.com\/wp-content\/uploads\/Copy-of-AVG01594-low-res-e1718582946556.jpg\",\"datePublished\":\"2023-09-29T21:52:59+00:00\",\"dateModified\":\"2024-08-27T00:28:39+00:00\",\"breadcrumb\":{\"@id\":\"https:\/\/thesurfersbible.com\/fr\/bienvenue\/#breadcrumb\"},\"inLanguage\":\"fr-FR\",\"potentialAction\":[{\"@type\":\"ReadAction\",\"target\":[\"https:\/\/thesurfersbible.com\/fr\/bienvenue\/\"]}]},{\"@type\":\"ImageObject\",\"inLanguage\":\"fr-FR\",\"@id\":\"https:\/\/thesurfersbible.com\/fr\/bienvenue\/#primaryimage\",\"url\":\"https:\/\/thesurfersbible.com\/wp-content\/uploads\/Copy-of-AVG01594-low-res-e1718582946556.jpg\",\"contentUrl\":\"https:\/\/thesurfersbible.com\/wp-content\/uploads\/Copy-of-AVG01594-low-res-e1718582946556.jpg\",\"width\":831,\"height\":631},{\"@type\":\"BreadcrumbList\",\"@id\":\"https:\/\/thesurfersbible.com\/fr\/bienvenue\/#breadcrumb\",\"itemListElement\":[{\"@type\":\"ListItem\",\"position\":1,\"name\":\"Home\",\"item\":\"https:\/\/thesurfersbible.com\/fr\/\"},{\"@type\":\"ListItem\",\"position\":2,\"name\":\"D\u00e9couvrir\"}]},{\"@type\":\"WebSite\",\"@id\":\"https:\/\/thesurfersbible.com\/fr\/#website\",\"url\":\"https:\/\/thesurfersbible.com\/fr\/\",\"name\":\"The Surfers Bible\",\"description\":\"New Testament\",\"publisher\":{\"@id\":\"https:\/\/thesurfersbible.com\/fr\/#organization\"},\"potentialAction\":[{\"@type\":\"SearchAction\",\"target\":{\"@type\":\"EntryPoint\",\"urlTemplate\":\"https:\/\/thesurfersbible.com\/fr\/?s={search_term_string}\"},\"query-input\":\"required name=search_term_string\"}],\"inLanguage\":\"fr-FR\"},{\"@type\":\"Organization\",\"@id\":\"https:\/\/thesurfersbible.com\/fr\/#organization\",\"name\":\"Christian Surfers International\",\"url\":\"https:\/\/thesurfersbible.com\/fr\/\",\"logo\":{\"@type\":\"ImageObject\",\"inLanguage\":\"fr-FR\",\"@id\":\"https:\/\/thesurfersbible.com\/fr\/#\/schema\/logo\/image\/\",\"url\":\"https:\/\/thesurfersbible.com\/wp-content\/uploads\/Surfers-Bible-CS-Logo.svg\",\"contentUrl\":\"https:\/\/thesurfersbible.com\/wp-content\/uploads\/Surfers-Bible-CS-Logo.svg\",\"width\":1969,\"height\":509,\"caption\":\"Christian Surfers International\"},\"image\":{\"@id\":\"https:\/\/thesurfersbible.com\/fr\/#\/schema\/logo\/image\/\"},\"sameAs\":[\"https:\/\/www.facebook.com\/csinternational\/\",\"https:\/\/www.instagram.com\/christiansurfers_\/\",\"https:\/\/www.youtube.com\/user\/christiansurfersint\"]}]}<\/script>\n<!-- \/ Yoast SEO plugin. -->","yoast_head_json":{"title":"D\u00e9couvrir - Surfers Bible","robots":{"index":"index","follow":"follow","max-snippet":"max-snippet:-1","max-image-preview":"max-image-preview:large","max-video-preview":"max-video-preview:-1"},"canonical":"https:\/\/thesurfersbible.com\/fr\/bienvenue\/","og_locale":"fr_FR","og_type":"article","og_title":"D\u00e9couvrir - Surfers Bible","og_description":"Ici, au Surfers Bible Project, notre objectif est de te fournir un plan de lecture pour d\u00e9couvrir une s\u00e9rie de vagues &#8230; de v\u00e9rit\u00e9 et d&#8217;amour. Regarde les histoires d&#8217;autres surfeurs. Explore les plans de lecture de la Bible.","og_url":"https:\/\/thesurfersbible.com\/fr\/bienvenue\/","og_site_name":"Surfers Bible","article_publisher":"https:\/\/www.facebook.com\/csinternational\/","article_modified_time":"2024-08-27T00:28:39+00:00","og_image":[{"width":831,"height":631,"url":"https:\/\/thesurfersbible.com\/wp-content\/uploads\/Copy-of-AVG01594-low-res-e1718582946556.jpg","type":"image\/jpeg"}],"twitter_card":"summary_large_image","twitter_misc":{"Dur\u00e9e de lecture estim\u00e9e":"2 minutes"},"schema":{"@context":"https:\/\/schema.org","@graph":[{"@type":"WebPage","@id":"https:\/\/thesurfersbible.com\/fr\/bienvenue\/","url":"https:\/\/thesurfersbible.com\/fr\/bienvenue\/","name":"D\u00e9couvrir - Surfers Bible","isPartOf":{"@id":"https:\/\/thesurfersbible.com\/fr\/#website"},"primaryImageOfPage":{"@id":"https:\/\/thesurfersbible.com\/fr\/bienvenue\/#primaryimage"},"image":{"@id":"https:\/\/thesurfersbible.com\/fr\/bienvenue\/#primaryimage"},"thumbnailUrl":"https:\/\/thesurfersbible.com\/wp-content\/uploads\/Copy-of-AVG01594-low-res-e1718582946556.jpg","datePublished":"2023-09-29T21:52:59+00:00","dateModified":"2024-08-27T00:28:39+00:00","breadcrumb":{"@id":"https:\/\/thesurfersbible.com\/fr\/bienvenue\/#breadcrumb"},"inLanguage":"fr-FR","potentialAction":[{"@type":"ReadAction","target":["https:\/\/thesurfersbible.com\/fr\/bienvenue\/"]}]},{"@type":"ImageObject","inLanguage":"fr-FR","@id":"https:\/\/thesurfersbible.com\/fr\/bienvenue\/#primaryimage","url":"https:\/\/thesurfersbible.com\/wp-content\/uploads\/Copy-of-AVG01594-low-res-e1718582946556.jpg","contentUrl":"https:\/\/thesurfersbible.com\/wp-content\/uploads\/Copy-of-AVG01594-low-res-e1718582946556.jpg","width":831,"height":631},{"@type":"BreadcrumbList","@id":"https:\/\/thesurfersbible.com\/fr\/bienvenue\/#breadcrumb","itemListElement":[{"@type":"ListItem","position":1,"name":"Home","item":"https:\/\/thesurfersbible.com\/fr\/"},{"@type":"ListItem","position":2,"name":"D\u00e9couvrir"}]},{"@type":"WebSite","@id":"https:\/\/thesurfersbible.com\/fr\/#website","url":"https:\/\/thesurfersbible.com\/fr\/","name":"The Surfers Bible","description":"New Testament","publisher":{"@id":"https:\/\/thesurfersbible.com\/fr\/#organization"},"potentialAction":[{"@type":"SearchAction","target":{"@type":"EntryPoint","urlTemplate":"https:\/\/thesurfersbible.com\/fr\/?s={search_term_string}"},"query-input":"required name=search_term_string"}],"inLanguage":"fr-FR"},{"@type":"Organization","@id":"https:\/\/thesurfersbible.com\/fr\/#organization","name":"Christian Surfers International","url":"https:\/\/thesurfersbible.com\/fr\/","logo":{"@type":"ImageObject","inLanguage":"fr-FR","@id":"https:\/\/thesurfersbible.com\/fr\/#\/schema\/logo\/image\/","url":"https:\/\/thesurfersbible.com\/wp-content\/uploads\/Surfers-Bible-CS-Logo.svg","contentUrl":"https:\/\/thesurfersbible.com\/wp-content\/uploads\/Surfers-Bible-CS-Logo.svg","width":1969,"height":509,"caption":"Christian Surfers International"},"image":{"@id":"https:\/\/thesurfersbible.com\/fr\/#\/schema\/logo\/image\/"},"sameAs":["https:\/\/www.facebook.com\/csinternational\/","https:\/\/www.instagram.com\/christiansurfers_\/","https:\/\/www.youtube.com\/user\/christiansurfersint"]}]}},"_links":{"self":[{"href":"https:\/\/thesurfersbible.com\/fr\/wp-json\/wp\/v2\/pages\/1858","targetHints":{"allow":["GET"]}}],"collection":[{"href":"https:\/\/thesurfersbible.com\/fr\/wp-json\/wp\/v2\/pages"}],"about":[{"href":"https:\/\/thesurfersbible.com\/fr\/wp-json\/wp\/v2\/types\/page"}],"author":[{"embeddable":true,"href":"https:\/\/thesurfersbible.com\/fr\/wp-json\/wp\/v2\/users\/3"}],"replies":[{"embeddable":true,"href":"https:\/\/thesurfersbible.com\/fr\/wp-json\/wp\/v2\/comments?post=1858"}],"version-history":[{"count":3,"href":"https:\/\/thesurfersbible.com\/fr\/wp-json\/wp\/v2\/pages\/1858\/revisions"}],"predecessor-version":[{"id":2030,"href":"https:\/\/thesurfersbible.com\/fr\/wp-json\/wp\/v2\/pages\/1858\/revisions\/2030"}],"wp:featuredmedia":[{"embeddable":true,"href":"https:\/\/thesurfersbible.com\/fr\/wp-json\/wp\/v2\/media\/1293"}],"wp:attachment":[{"href":"https:\/\/thesurfersbible.com\/fr\/wp-json\/wp\/v2\/media?parent=1858"}],"curies":[{"name":"wp","href":"https:\/\/api.w.org\/{rel}","templated":true}]}}