{"id":1854,"date":"2024-04-23T01:15:15","date_gmt":"2024-04-22T23:15:15","guid":{"rendered":"https:\/\/thesurfersbible.com\/frequently-asked-questions\/"},"modified":"2024-07-24T22:58:01","modified_gmt":"2024-07-24T20:58:01","slug":"frequently-asked-questions","status":"publish","type":"page","link":"https:\/\/thesurfersbible.com\/fr\/frequently-asked-questions\/","title":{"rendered":"Foire aux questions"},"content":{"rendered":"\n<div class=\"wp-block-columns is-layout-flex wp-container-core-columns-is-layout-9d6595d7 wp-block-columns-is-layout-flex\">\n<div class=\"wp-block-column is-layout-flow wp-block-column-is-layout-flow\" style=\"flex-basis:15%\"><\/div>\n\n\n\n<div class=\"wp-block-column is-layout-flow wp-block-column-is-layout-flow\">\n<h2 class=\"wp-block-heading has-text-align-center\">Foire aux questions<\/h2>\n\n\n<ul id=\"accordion-block_e1f1c695e0925b7e55224b348eeb7b62\" class=\"block-accordion accordion aligncenter\" data-accordion>\n\t<li class=\"accordion-item\" data-accordion-item>\n\t\t<a class=\"accordion-title\">O\u00f9 puis-je acheter une nouvelle Bible des Surfeurs ?<\/a>\n\t\t<div class=\"accordion-content\" data-tab-content>\n\t\t\t<p>Christian Surfers International souhaite offrir gratuitement une Bible des Surfeurs aux surfeurs qui n&#8217;ont jamais lu la Bible auparavant. C&#8217;est pour cela que nous avons d\u00e9cid\u00e9 de ne pas vendre les nouvelles Bibles des Surfeurs, mais de les d\u00e9velopper comme une ressource pour nous aider \u00e0 r\u00e9aliser notre vision selon laquelle chaque surfeur et chaque communaut\u00e9 de surfeurs ait l&#8217;opportunit\u00e9 de conna\u00eetre et de suivre J\u00e9sus. Votre partenariat dans ce projet par le biais d&#8217;un don est le bienvenu afin que nous puissions produire davantage de Bibles des Surfeurs et de ressources pour r\u00e9aliser cette vision. Gr\u00e2ce \u00e0 votre don, nous serons heureux de vous fournir une Bible des Surfeurs \u00e0 offrir \u00e0 ceux qui n&#8217;ont jamais eu de Bible auparavant. Rendez-vous sur la page &#8220;Obtiens une Bible&#8221; pour saisir vos coordonn\u00e9es.<\/p>\n\t\t<\/div>\n\t<\/li>\n\t<li class=\"accordion-item\" data-accordion-item>\n\t\t<a class=\"accordion-title\">Quelle est la traduction de la nouvelle Bible des Surfeurs en anglais ?<\/a>\n\t\t<div class=\"accordion-content\" data-tab-content>\n\t\t\t<p>La nouvelle Bible des Surfeurs en anglais est un Nouveau Testament dans la traduction New Living Translation (NLT). Nous avons choisi cette traduction car elle est g\u00e9n\u00e9ralement consid\u00e9r\u00e9e comme l&#8217;une des plus faciles \u00e0 comprendre pour les personnes lisant la Bible pour la premi\u00e8re fois.<\/p>\n\t\t<\/div>\n\t<\/li>\n\t<li class=\"accordion-item\" data-accordion-item>\n\t\t<a class=\"accordion-title\">Quelle est la traduction de la nouvelle Bible des Surfeurs en fran\u00e7ais ?<\/a>\n\t\t<div class=\"accordion-content\" data-tab-content>\n\t\t\t<p>La nouvelle Bible des Surfeurs en fran\u00e7ais est un Nouveau Testament dans la version Parole de Vie.<\/p>\n\t\t<\/div>\n\t<\/li>\n\t<li class=\"accordion-item\" data-accordion-item>\n\t\t<a class=\"accordion-title\">Qui g\u00e8re les fonds donn\u00e9s au projet Bible des Surfeurs ?<\/a>\n\t\t<div class=\"accordion-content\" data-tab-content>\n\t\t\t<p>Les fonds de la Bible des Surfeurs sont g\u00e9r\u00e9s et r\u00e9gis par Christian Surfers International. Nous sommes une organisation \u00e0 but non lucratif de confiance avec plus de 40 ans d&#8217;exp\u00e9rience, op\u00e9rant maintenant dans plus de 33 nations avec plus de 1000 leaders b\u00e9n\u00e9voles. Nous avons pr\u00e9c\u00e9demment publi\u00e9 et distribu\u00e9 plus de 100 000 Bibles des Surfeurs au cours des 20 derni\u00e8res ann\u00e9es.<\/p>\n\t\t<\/div>\n\t<\/li>\n<\/ul>\n<\/div>\n\n\n\n<div class=\"wp-block-column is-layout-flow wp-block-column-is-layout-flow\" style=\"flex-basis:15%\"><\/div>\n<\/div>\n\n<p><\/p>\n\n<p><\/p>\n","protected":false},"excerpt":{"rendered":"<p>Foire aux questions<\/p>\n","protected":false},"author":1,"featured_media":0,"parent":0,"menu_order":0,"comment_status":"closed","ping_status":"closed","template":"","meta":{"_acf_changed":false,"footnotes":""},"class_list":["post-1854","page","type-page","status-publish","hentry"],"acf":[],"yoast_head":"<!-- This site is optimized with the Yoast SEO plugin v22.9 - https:\/\/yoast.com\/wordpress\/plugins\/seo\/ -->\n<title>Foire aux questions - Surfers Bible<\/title>\n<meta name=\"robots\" content=\"index, follow, max-snippet:-1, max-image-preview:large, max-video-preview:-1\" \/>\n<link rel=\"canonical\" href=\"https:\/\/thesurfersbible.com\/fr\/frequently-asked-questions\/\" \/>\n<meta property=\"og:locale\" content=\"fr_FR\" \/>\n<meta property=\"og:type\" content=\"article\" \/>\n<meta property=\"og:title\" content=\"Foire aux questions - Surfers Bible\" \/>\n<meta property=\"og:description\" content=\"Foire aux questions\" \/>\n<meta property=\"og:url\" content=\"https:\/\/thesurfersbible.com\/fr\/frequently-asked-questions\/\" \/>\n<meta property=\"og:site_name\" content=\"Surfers Bible\" \/>\n<meta property=\"article:publisher\" content=\"https:\/\/www.facebook.com\/csinternational\/\" \/>\n<meta property=\"article:modified_time\" content=\"2024-07-24T20:58:01+00:00\" \/>\n<meta name=\"twitter:card\" content=\"summary_large_image\" \/>\n<script type=\"application\/ld+json\" class=\"yoast-schema-graph\">{\"@context\":\"https:\/\/schema.org\",\"@graph\":[{\"@type\":\"WebPage\",\"@id\":\"https:\/\/thesurfersbible.com\/fr\/frequently-asked-questions\/\",\"url\":\"https:\/\/thesurfersbible.com\/fr\/frequently-asked-questions\/\",\"name\":\"Foire aux questions - Surfers Bible\",\"isPartOf\":{\"@id\":\"https:\/\/thesurfersbible.com\/fr\/#website\"},\"datePublished\":\"2024-04-22T23:15:15+00:00\",\"dateModified\":\"2024-07-24T20:58:01+00:00\",\"breadcrumb\":{\"@id\":\"https:\/\/thesurfersbible.com\/fr\/frequently-asked-questions\/#breadcrumb\"},\"inLanguage\":\"fr-FR\",\"potentialAction\":[{\"@type\":\"ReadAction\",\"target\":[\"https:\/\/thesurfersbible.com\/fr\/frequently-asked-questions\/\"]}]},{\"@type\":\"BreadcrumbList\",\"@id\":\"https:\/\/thesurfersbible.com\/fr\/frequently-asked-questions\/#breadcrumb\",\"itemListElement\":[{\"@type\":\"ListItem\",\"position\":1,\"name\":\"Home\",\"item\":\"https:\/\/thesurfersbible.com\/fr\/\"},{\"@type\":\"ListItem\",\"position\":2,\"name\":\"Foire aux questions\"}]},{\"@type\":\"WebSite\",\"@id\":\"https:\/\/thesurfersbible.com\/fr\/#website\",\"url\":\"https:\/\/thesurfersbible.com\/fr\/\",\"name\":\"The Surfers Bible\",\"description\":\"New Testament\",\"publisher\":{\"@id\":\"https:\/\/thesurfersbible.com\/fr\/#organization\"},\"potentialAction\":[{\"@type\":\"SearchAction\",\"target\":{\"@type\":\"EntryPoint\",\"urlTemplate\":\"https:\/\/thesurfersbible.com\/fr\/?s={search_term_string}\"},\"query-input\":\"required name=search_term_string\"}],\"inLanguage\":\"fr-FR\"},{\"@type\":\"Organization\",\"@id\":\"https:\/\/thesurfersbible.com\/fr\/#organization\",\"name\":\"Christian Surfers International\",\"url\":\"https:\/\/thesurfersbible.com\/fr\/\",\"logo\":{\"@type\":\"ImageObject\",\"inLanguage\":\"fr-FR\",\"@id\":\"https:\/\/thesurfersbible.com\/fr\/#\/schema\/logo\/image\/\",\"url\":\"https:\/\/thesurfersbible.com\/wp-content\/uploads\/Surfers-Bible-CS-Logo.svg\",\"contentUrl\":\"https:\/\/thesurfersbible.com\/wp-content\/uploads\/Surfers-Bible-CS-Logo.svg\",\"width\":1969,\"height\":509,\"caption\":\"Christian Surfers International\"},\"image\":{\"@id\":\"https:\/\/thesurfersbible.com\/fr\/#\/schema\/logo\/image\/\"},\"sameAs\":[\"https:\/\/www.facebook.com\/csinternational\/\",\"https:\/\/www.instagram.com\/christiansurfers_\/\",\"https:\/\/www.youtube.com\/user\/christiansurfersint\"]}]}<\/script>\n<!-- \/ Yoast SEO plugin. -->","yoast_head_json":{"title":"Foire aux questions - Surfers Bible","robots":{"index":"index","follow":"follow","max-snippet":"max-snippet:-1","max-image-preview":"max-image-preview:large","max-video-preview":"max-video-preview:-1"},"canonical":"https:\/\/thesurfersbible.com\/fr\/frequently-asked-questions\/","og_locale":"fr_FR","og_type":"article","og_title":"Foire aux questions - Surfers Bible","og_description":"Foire aux questions","og_url":"https:\/\/thesurfersbible.com\/fr\/frequently-asked-questions\/","og_site_name":"Surfers Bible","article_publisher":"https:\/\/www.facebook.com\/csinternational\/","article_modified_time":"2024-07-24T20:58:01+00:00","twitter_card":"summary_large_image","schema":{"@context":"https:\/\/schema.org","@graph":[{"@type":"WebPage","@id":"https:\/\/thesurfersbible.com\/fr\/frequently-asked-questions\/","url":"https:\/\/thesurfersbible.com\/fr\/frequently-asked-questions\/","name":"Foire aux questions - Surfers Bible","isPartOf":{"@id":"https:\/\/thesurfersbible.com\/fr\/#website"},"datePublished":"2024-04-22T23:15:15+00:00","dateModified":"2024-07-24T20:58:01+00:00","breadcrumb":{"@id":"https:\/\/thesurfersbible.com\/fr\/frequently-asked-questions\/#breadcrumb"},"inLanguage":"fr-FR","potentialAction":[{"@type":"ReadAction","target":["https:\/\/thesurfersbible.com\/fr\/frequently-asked-questions\/"]}]},{"@type":"BreadcrumbList","@id":"https:\/\/thesurfersbible.com\/fr\/frequently-asked-questions\/#breadcrumb","itemListElement":[{"@type":"ListItem","position":1,"name":"Home","item":"https:\/\/thesurfersbible.com\/fr\/"},{"@type":"ListItem","position":2,"name":"Foire aux questions"}]},{"@type":"WebSite","@id":"https:\/\/thesurfersbible.com\/fr\/#website","url":"https:\/\/thesurfersbible.com\/fr\/","name":"The Surfers Bible","description":"New Testament","publisher":{"@id":"https:\/\/thesurfersbible.com\/fr\/#organization"},"potentialAction":[{"@type":"SearchAction","target":{"@type":"EntryPoint","urlTemplate":"https:\/\/thesurfersbible.com\/fr\/?s={search_term_string}"},"query-input":"required name=search_term_string"}],"inLanguage":"fr-FR"},{"@type":"Organization","@id":"https:\/\/thesurfersbible.com\/fr\/#organization","name":"Christian Surfers International","url":"https:\/\/thesurfersbible.com\/fr\/","logo":{"@type":"ImageObject","inLanguage":"fr-FR","@id":"https:\/\/thesurfersbible.com\/fr\/#\/schema\/logo\/image\/","url":"https:\/\/thesurfersbible.com\/wp-content\/uploads\/Surfers-Bible-CS-Logo.svg","contentUrl":"https:\/\/thesurfersbible.com\/wp-content\/uploads\/Surfers-Bible-CS-Logo.svg","width":1969,"height":509,"caption":"Christian Surfers International"},"image":{"@id":"https:\/\/thesurfersbible.com\/fr\/#\/schema\/logo\/image\/"},"sameAs":["https:\/\/www.facebook.com\/csinternational\/","https:\/\/www.instagram.com\/christiansurfers_\/","https:\/\/www.youtube.com\/user\/christiansurfersint"]}]}},"_links":{"self":[{"href":"https:\/\/thesurfersbible.com\/fr\/wp-json\/wp\/v2\/pages\/1854","targetHints":{"allow":["GET"]}}],"collection":[{"href":"https:\/\/thesurfersbible.com\/fr\/wp-json\/wp\/v2\/pages"}],"about":[{"href":"https:\/\/thesurfersbible.com\/fr\/wp-json\/wp\/v2\/types\/page"}],"author":[{"embeddable":true,"href":"https:\/\/thesurfersbible.com\/fr\/wp-json\/wp\/v2\/users\/1"}],"replies":[{"embeddable":true,"href":"https:\/\/thesurfersbible.com\/fr\/wp-json\/wp\/v2\/comments?post=1854"}],"version-history":[{"count":3,"href":"https:\/\/thesurfersbible.com\/fr\/wp-json\/wp\/v2\/pages\/1854\/revisions"}],"predecessor-version":[{"id":1857,"href":"https:\/\/thesurfersbible.com\/fr\/wp-json\/wp\/v2\/pages\/1854\/revisions\/1857"}],"wp:attachment":[{"href":"https:\/\/thesurfersbible.com\/fr\/wp-json\/wp\/v2\/media?parent=1854"}],"curies":[{"name":"wp","href":"https:\/\/api.w.org\/{rel}","templated":true}]}}