{"id":1846,"date":"2018-08-21T08:46:08","date_gmt":"2018-08-21T06:46:08","guid":{"rendered":"https:\/\/thesurfersbible.com\/a-propos\/"},"modified":"2024-07-24T22:56:25","modified_gmt":"2024-07-24T20:56:25","slug":"a-propos","status":"publish","type":"page","link":"https:\/\/thesurfersbible.com\/fr\/a-propos\/","title":{"rendered":"\u00c0 propos"},"content":{"rendered":"\n<div class=\"wp-block-group rw\"><div class=\"wp-block-group__inner-container is-layout-flow wp-block-group-is-layout-flow\">\n<div class=\"wp-block-columns is-layout-flex wp-container-core-columns-is-layout-9d6595d7 wp-block-columns-is-layout-flex\">\n<div class=\"wp-block-column is-layout-flow wp-block-column-is-layout-flow\">\n<figure class=\"wp-block-image size-full\"><img loading=\"lazy\" decoding=\"async\" width=\"1200\" height=\"1075\" src=\"https:\/\/thesurfersbible.com\/wp-content\/uploads\/CS_Surfers-Bible_Cover_B-1.png\" alt=\"\" class=\"wp-image-1693\" srcset=\"https:\/\/thesurfersbible.com\/wp-content\/uploads\/CS_Surfers-Bible_Cover_B-1.png 1200w, https:\/\/thesurfersbible.com\/wp-content\/uploads\/CS_Surfers-Bible_Cover_B-1-768x688.png 768w, https:\/\/thesurfersbible.com\/wp-content\/uploads\/CS_Surfers-Bible_Cover_B-1-450x403.png 450w, https:\/\/thesurfersbible.com\/wp-content\/uploads\/CS_Surfers-Bible_Cover_B-1-600x538.png 600w\" sizes=\"auto, (max-width: 1200px) 100vw, 1200px\" \/><\/figure>\n<\/div>\n\n\n\n<div class=\"wp-block-column is-layout-flow wp-block-column-is-layout-flow\">\n<h3 class=\"wp-block-heading\">La Bible des Surfeurs?<\/h3>\n\n\n\n<p class=\"has-normal-font-size\">Christian Surfers est une communaut\u00e9 mondiale de surfeurs qui ont d\u00e9couvert la personne de J\u00e9sus \u00e0 travers la Bible, la Parole de Dieu qui transforme des vies. <\/p>\n\n\n\n<p class=\"has-normal-font-size\">Le but est que chaque surfeur ait l&#8217;opportunit\u00e9 de connaitre et suivre J\u00e9sus. <\/p>\n\n\n\n<p class=\"has-normal-font-size\">La Bible des Surfeurs contient des histoires bouleversantes de surfeurs chr\u00e9tiens, professionnels reconnus et amateurs passionn\u00e9s, qui sont ins\u00e9r\u00e9es entre les pages du Nouveau Testament. <\/p>\n\n\n\n<p class=\"has-normal-font-size\">En 2024, une nouvelle \u00e9dition en anglais et en fran\u00e7ais a \u00e9t\u00e9 publi\u00e9e. Les pages de la Bible des Surfeurs contiennent des QR codes qui renvoient \u00e0 des t\u00e9moignages vid\u00e9o et des guides de lecture biblique sur le site web de la Bible des Surfeurs. <\/p>\n\n\n\n<p class=\"has-normal-font-size\">Christian Surfers International a d\u00e9j\u00e0 imprim\u00e9 et distribu\u00e9 plus de 100000 Bibles des Surfeurs en anglais, fran\u00e7ais, espagnol, portugais et japonais. <\/p>\n\n\n\n<p class=\"has-normal-font-size\">L&#8217;objectif est de continuer \u00e0 produire la Bible des Surfeurs dans d&#8217;autres langues et de partager encore plus de superbes histoires de surfeurs dans ta langue. D\u00e9couvre comment tu peux t&#8217;impliquer.<\/p>\n\n\n\n<div class=\"wp-block-buttons is-layout-flex wp-block-buttons-is-layout-flex\">\n<div class=\"wp-block-button is-style-fill\"><a class=\"wp-block-button__link has-colour-1-color has-colour-2-background-color has-text-color has-background has-link-color wp-element-button\" href=\"https:\/\/thesurfersbible.com\/fr\/obtiens-une-bible\/\" style=\"border-radius:10px\">Obtiens une Bible<\/a><\/div>\n\n\n\n<div class=\"wp-block-button is-style-fill\"><a class=\"wp-block-button__link has-colour-2-color has-colour-1-background-color has-text-color has-background has-link-color wp-element-button\" href=\"\/give\/donate\/\" style=\"border-width:2px;border-radius:10px\">Donne une Bible<\/a><\/div>\n<\/div>\n<\/div>\n<\/div>\n\n\n\n<div style=\"height:40px\" aria-hidden=\"true\" class=\"wp-block-spacer\"><\/div>\n\n\n\n<div class=\"wp-block-cover alignwide\"><span aria-hidden=\"true\" class=\"wp-block-cover__background has-background-dim\"><\/span><img loading=\"lazy\" decoding=\"async\" width=\"1600\" height=\"900\" class=\"wp-block-cover__image-background wp-image-1696\" alt=\"\" src=\"https:\/\/thesurfersbible.com\/wp-content\/uploads\/\/03-CROSS-1-1600x900.jpeg\" data-object-fit=\"cover\" srcset=\"https:\/\/thesurfersbible.com\/wp-content\/uploads\/03-CROSS-1-1600x900.jpeg 1600w, https:\/\/thesurfersbible.com\/wp-content\/uploads\/03-CROSS-1-768x432.jpeg 768w, https:\/\/thesurfersbible.com\/wp-content\/uploads\/03-CROSS-1-1536x864.jpeg 1536w, https:\/\/thesurfersbible.com\/wp-content\/uploads\/03-CROSS-1-2048x1152.jpeg 2048w, https:\/\/thesurfersbible.com\/wp-content\/uploads\/03-CROSS-1-450x253.jpeg 450w, https:\/\/thesurfersbible.com\/wp-content\/uploads\/03-CROSS-1-600x337.jpeg 600w\" sizes=\"auto, (max-width: 1600px) 100vw, 1600px\" \/><div class=\"wp-block-cover__inner-container is-layout-flow wp-block-cover-is-layout-flow\">\n<h2 class=\"wp-block-heading has-text-align-center has-colour-5-color has-text-color has-link-color has-huge-font-size wp-elements-d1af58308270a851b1242ccf7cf4d716\">qui nous sommes<\/h2>\n<\/div><\/div>\n\n\n\n<div style=\"height:60px\" aria-hidden=\"true\" class=\"wp-block-spacer\"><\/div>\n\n\n\n<p class=\"has-text-align-center\">The Surfers Bible est un projet de Christian Surfers. Christian Surfers a vu le jour \u00e0 la fin des ann\u00e9es 70 en Australie. \u00c0 cette \u00e9poque, les surfeurs \u00e9taient rebelles et marginalis\u00e9s. \u00catre surfeur et chr\u00e9tien \u00e9tait un choix de vie insolite. Depuis, le surf est devenu plus populaire mais suivre J\u00e9sus est toujours aussi radical. <\/p>\n\n\n\n<p class=\"has-text-align-center\">Aujourd\u2019hui, le mouvement Christian Surfers International f\u00e9d\u00e8re des surfeurs dans plus de 30 pays. C&#8217;est une organisation \u00e0 but non lucratif qui produit des Bibles des Surfeurs gratuites.<em> <br\/><\/em><br\/>L&#8217;objectif est de permettre \u00e0 chaque surfeur et \u00e0 chaque communaut\u00e9 de surfeurs d&#8217;avoir l&#8217;opportunit\u00e9 de conna\u00eetre et de suivre J\u00e9sus, ce qui inclut plus de 120 nations o\u00f9 il est possible de surfer !<br\/><br\/>Prends contact avec ton groupe local Christian Surfers.<\/p>\n\n\n\n<div class=\"wp-block-buttons is-content-justification-center is-layout-flex wp-container-core-buttons-is-layout-16018d1d wp-block-buttons-is-layout-flex\">\n<div class=\"wp-block-button\"><a class=\"wp-block-button__link has-colour-1-color has-colour-2-background-color has-text-color has-background has-link-color has-text-align-center wp-element-button\" href=\"https:\/\/www.christiansurfers.net\/connect\">Trouve ton groupe local<\/a><\/div>\n<\/div>\n<\/div><\/div>\n\n<div style=\"height:60px\" aria-hidden=\"true\" class=\"wp-block-spacer\"><\/div>\n","protected":false},"excerpt":{"rendered":"<p>La Bible des Surfeurs? Christian Surfers est une communaut\u00e9 mondiale de surfeurs qui ont d\u00e9couvert la personne de J\u00e9sus \u00e0 travers la Bible, la Parole de Dieu qui transforme des vies. Le but est que chaque surfeur ait l&#8217;opportunit\u00e9 de connaitre et suivre J\u00e9sus. La Bible des Surfeurs contient des histoires bouleversantes de surfeurs chr\u00e9tiens, [&hellip;]<\/p>\n","protected":false},"author":1,"featured_media":1674,"parent":0,"menu_order":0,"comment_status":"closed","ping_status":"closed","template":"no-sidebar.php","meta":{"_acf_changed":false,"footnotes":""},"class_list":["post-1846","page","type-page","status-publish","has-post-thumbnail","hentry"],"acf":[],"yoast_head":"<!-- This site is optimized with the Yoast SEO plugin v22.9 - https:\/\/yoast.com\/wordpress\/plugins\/seo\/ -->\n<title>\u00c0 propos - Surfers Bible<\/title>\n<meta name=\"robots\" content=\"index, follow, max-snippet:-1, max-image-preview:large, max-video-preview:-1\" \/>\n<link rel=\"canonical\" href=\"https:\/\/thesurfersbible.com\/fr\/a-propos\/\" \/>\n<meta property=\"og:locale\" content=\"fr_FR\" \/>\n<meta property=\"og:type\" content=\"article\" \/>\n<meta property=\"og:title\" content=\"\u00c0 propos - Surfers Bible\" \/>\n<meta property=\"og:description\" content=\"La Bible des Surfeurs? Christian Surfers est une communaut\u00e9 mondiale de surfeurs qui ont d\u00e9couvert la personne de J\u00e9sus \u00e0 travers la Bible, la Parole de Dieu qui transforme des vies. Le but est que chaque surfeur ait l&#8217;opportunit\u00e9 de connaitre et suivre J\u00e9sus. La Bible des Surfeurs contient des histoires bouleversantes de surfeurs chr\u00e9tiens, [&hellip;]\" \/>\n<meta property=\"og:url\" content=\"https:\/\/thesurfersbible.com\/fr\/a-propos\/\" \/>\n<meta property=\"og:site_name\" content=\"Surfers Bible\" \/>\n<meta property=\"article:publisher\" content=\"https:\/\/www.facebook.com\/csinternational\/\" \/>\n<meta property=\"article:modified_time\" content=\"2024-07-24T20:56:25+00:00\" \/>\n<meta property=\"og:image\" content=\"https:\/\/thesurfersbible.com\/wp-content\/uploads\/2023-csbible-camillamonsen1.jpg\" \/>\n\t<meta property=\"og:image:width\" content=\"2000\" \/>\n\t<meta property=\"og:image:height\" content=\"1124\" \/>\n\t<meta property=\"og:image:type\" content=\"image\/jpeg\" \/>\n<meta name=\"twitter:card\" content=\"summary_large_image\" \/>\n<meta name=\"twitter:label1\" content=\"Dur\u00e9e de lecture estim\u00e9e\" \/>\n\t<meta name=\"twitter:data1\" content=\"2 minutes\" \/>\n<script type=\"application\/ld+json\" class=\"yoast-schema-graph\">{\"@context\":\"https:\/\/schema.org\",\"@graph\":[{\"@type\":\"WebPage\",\"@id\":\"https:\/\/thesurfersbible.com\/fr\/a-propos\/\",\"url\":\"https:\/\/thesurfersbible.com\/fr\/a-propos\/\",\"name\":\"\u00c0 propos - Surfers Bible\",\"isPartOf\":{\"@id\":\"https:\/\/thesurfersbible.com\/fr\/#website\"},\"primaryImageOfPage\":{\"@id\":\"https:\/\/thesurfersbible.com\/fr\/a-propos\/#primaryimage\"},\"image\":{\"@id\":\"https:\/\/thesurfersbible.com\/fr\/a-propos\/#primaryimage\"},\"thumbnailUrl\":\"https:\/\/thesurfersbible.com\/wp-content\/uploads\/2023-csbible-camillamonsen1.jpg\",\"datePublished\":\"2018-08-21T06:46:08+00:00\",\"dateModified\":\"2024-07-24T20:56:25+00:00\",\"breadcrumb\":{\"@id\":\"https:\/\/thesurfersbible.com\/fr\/a-propos\/#breadcrumb\"},\"inLanguage\":\"fr-FR\",\"potentialAction\":[{\"@type\":\"ReadAction\",\"target\":[\"https:\/\/thesurfersbible.com\/fr\/a-propos\/\"]}]},{\"@type\":\"ImageObject\",\"inLanguage\":\"fr-FR\",\"@id\":\"https:\/\/thesurfersbible.com\/fr\/a-propos\/#primaryimage\",\"url\":\"https:\/\/thesurfersbible.com\/wp-content\/uploads\/2023-csbible-camillamonsen1.jpg\",\"contentUrl\":\"https:\/\/thesurfersbible.com\/wp-content\/uploads\/2023-csbible-camillamonsen1.jpg\",\"width\":2000,\"height\":1124},{\"@type\":\"BreadcrumbList\",\"@id\":\"https:\/\/thesurfersbible.com\/fr\/a-propos\/#breadcrumb\",\"itemListElement\":[{\"@type\":\"ListItem\",\"position\":1,\"name\":\"Home\",\"item\":\"https:\/\/thesurfersbible.com\/fr\/\"},{\"@type\":\"ListItem\",\"position\":2,\"name\":\"\u00c0 propos\"}]},{\"@type\":\"WebSite\",\"@id\":\"https:\/\/thesurfersbible.com\/fr\/#website\",\"url\":\"https:\/\/thesurfersbible.com\/fr\/\",\"name\":\"The Surfers Bible\",\"description\":\"New Testament\",\"publisher\":{\"@id\":\"https:\/\/thesurfersbible.com\/fr\/#organization\"},\"potentialAction\":[{\"@type\":\"SearchAction\",\"target\":{\"@type\":\"EntryPoint\",\"urlTemplate\":\"https:\/\/thesurfersbible.com\/fr\/?s={search_term_string}\"},\"query-input\":\"required name=search_term_string\"}],\"inLanguage\":\"fr-FR\"},{\"@type\":\"Organization\",\"@id\":\"https:\/\/thesurfersbible.com\/fr\/#organization\",\"name\":\"Christian Surfers International\",\"url\":\"https:\/\/thesurfersbible.com\/fr\/\",\"logo\":{\"@type\":\"ImageObject\",\"inLanguage\":\"fr-FR\",\"@id\":\"https:\/\/thesurfersbible.com\/fr\/#\/schema\/logo\/image\/\",\"url\":\"https:\/\/thesurfersbible.com\/wp-content\/uploads\/Surfers-Bible-CS-Logo.svg\",\"contentUrl\":\"https:\/\/thesurfersbible.com\/wp-content\/uploads\/Surfers-Bible-CS-Logo.svg\",\"width\":1969,\"height\":509,\"caption\":\"Christian Surfers International\"},\"image\":{\"@id\":\"https:\/\/thesurfersbible.com\/fr\/#\/schema\/logo\/image\/\"},\"sameAs\":[\"https:\/\/www.facebook.com\/csinternational\/\",\"https:\/\/www.instagram.com\/christiansurfers_\/\",\"https:\/\/www.youtube.com\/user\/christiansurfersint\"]}]}<\/script>\n<!-- \/ Yoast SEO plugin. -->","yoast_head_json":{"title":"\u00c0 propos - Surfers Bible","robots":{"index":"index","follow":"follow","max-snippet":"max-snippet:-1","max-image-preview":"max-image-preview:large","max-video-preview":"max-video-preview:-1"},"canonical":"https:\/\/thesurfersbible.com\/fr\/a-propos\/","og_locale":"fr_FR","og_type":"article","og_title":"\u00c0 propos - Surfers Bible","og_description":"La Bible des Surfeurs? Christian Surfers est une communaut\u00e9 mondiale de surfeurs qui ont d\u00e9couvert la personne de J\u00e9sus \u00e0 travers la Bible, la Parole de Dieu qui transforme des vies. Le but est que chaque surfeur ait l&#8217;opportunit\u00e9 de connaitre et suivre J\u00e9sus. La Bible des Surfeurs contient des histoires bouleversantes de surfeurs chr\u00e9tiens, [&hellip;]","og_url":"https:\/\/thesurfersbible.com\/fr\/a-propos\/","og_site_name":"Surfers Bible","article_publisher":"https:\/\/www.facebook.com\/csinternational\/","article_modified_time":"2024-07-24T20:56:25+00:00","og_image":[{"width":2000,"height":1124,"url":"https:\/\/thesurfersbible.com\/wp-content\/uploads\/2023-csbible-camillamonsen1.jpg","type":"image\/jpeg"}],"twitter_card":"summary_large_image","twitter_misc":{"Dur\u00e9e de lecture estim\u00e9e":"2 minutes"},"schema":{"@context":"https:\/\/schema.org","@graph":[{"@type":"WebPage","@id":"https:\/\/thesurfersbible.com\/fr\/a-propos\/","url":"https:\/\/thesurfersbible.com\/fr\/a-propos\/","name":"\u00c0 propos - Surfers Bible","isPartOf":{"@id":"https:\/\/thesurfersbible.com\/fr\/#website"},"primaryImageOfPage":{"@id":"https:\/\/thesurfersbible.com\/fr\/a-propos\/#primaryimage"},"image":{"@id":"https:\/\/thesurfersbible.com\/fr\/a-propos\/#primaryimage"},"thumbnailUrl":"https:\/\/thesurfersbible.com\/wp-content\/uploads\/2023-csbible-camillamonsen1.jpg","datePublished":"2018-08-21T06:46:08+00:00","dateModified":"2024-07-24T20:56:25+00:00","breadcrumb":{"@id":"https:\/\/thesurfersbible.com\/fr\/a-propos\/#breadcrumb"},"inLanguage":"fr-FR","potentialAction":[{"@type":"ReadAction","target":["https:\/\/thesurfersbible.com\/fr\/a-propos\/"]}]},{"@type":"ImageObject","inLanguage":"fr-FR","@id":"https:\/\/thesurfersbible.com\/fr\/a-propos\/#primaryimage","url":"https:\/\/thesurfersbible.com\/wp-content\/uploads\/2023-csbible-camillamonsen1.jpg","contentUrl":"https:\/\/thesurfersbible.com\/wp-content\/uploads\/2023-csbible-camillamonsen1.jpg","width":2000,"height":1124},{"@type":"BreadcrumbList","@id":"https:\/\/thesurfersbible.com\/fr\/a-propos\/#breadcrumb","itemListElement":[{"@type":"ListItem","position":1,"name":"Home","item":"https:\/\/thesurfersbible.com\/fr\/"},{"@type":"ListItem","position":2,"name":"\u00c0 propos"}]},{"@type":"WebSite","@id":"https:\/\/thesurfersbible.com\/fr\/#website","url":"https:\/\/thesurfersbible.com\/fr\/","name":"The Surfers Bible","description":"New Testament","publisher":{"@id":"https:\/\/thesurfersbible.com\/fr\/#organization"},"potentialAction":[{"@type":"SearchAction","target":{"@type":"EntryPoint","urlTemplate":"https:\/\/thesurfersbible.com\/fr\/?s={search_term_string}"},"query-input":"required name=search_term_string"}],"inLanguage":"fr-FR"},{"@type":"Organization","@id":"https:\/\/thesurfersbible.com\/fr\/#organization","name":"Christian Surfers International","url":"https:\/\/thesurfersbible.com\/fr\/","logo":{"@type":"ImageObject","inLanguage":"fr-FR","@id":"https:\/\/thesurfersbible.com\/fr\/#\/schema\/logo\/image\/","url":"https:\/\/thesurfersbible.com\/wp-content\/uploads\/Surfers-Bible-CS-Logo.svg","contentUrl":"https:\/\/thesurfersbible.com\/wp-content\/uploads\/Surfers-Bible-CS-Logo.svg","width":1969,"height":509,"caption":"Christian Surfers International"},"image":{"@id":"https:\/\/thesurfersbible.com\/fr\/#\/schema\/logo\/image\/"},"sameAs":["https:\/\/www.facebook.com\/csinternational\/","https:\/\/www.instagram.com\/christiansurfers_\/","https:\/\/www.youtube.com\/user\/christiansurfersint"]}]}},"_links":{"self":[{"href":"https:\/\/thesurfersbible.com\/fr\/wp-json\/wp\/v2\/pages\/1846","targetHints":{"allow":["GET"]}}],"collection":[{"href":"https:\/\/thesurfersbible.com\/fr\/wp-json\/wp\/v2\/pages"}],"about":[{"href":"https:\/\/thesurfersbible.com\/fr\/wp-json\/wp\/v2\/types\/page"}],"author":[{"embeddable":true,"href":"https:\/\/thesurfersbible.com\/fr\/wp-json\/wp\/v2\/users\/1"}],"replies":[{"embeddable":true,"href":"https:\/\/thesurfersbible.com\/fr\/wp-json\/wp\/v2\/comments?post=1846"}],"version-history":[{"count":5,"href":"https:\/\/thesurfersbible.com\/fr\/wp-json\/wp\/v2\/pages\/1846\/revisions"}],"predecessor-version":[{"id":1955,"href":"https:\/\/thesurfersbible.com\/fr\/wp-json\/wp\/v2\/pages\/1846\/revisions\/1955"}],"wp:featuredmedia":[{"embeddable":true,"href":"https:\/\/thesurfersbible.com\/fr\/wp-json\/wp\/v2\/media\/1674"}],"wp:attachment":[{"href":"https:\/\/thesurfersbible.com\/fr\/wp-json\/wp\/v2\/media?parent=1846"}],"curies":[{"name":"wp","href":"https:\/\/api.w.org\/{rel}","templated":true}]}}