{"id":1828,"date":"2024-05-15T09:00:33","date_gmt":"2024-05-15T07:00:33","guid":{"rendered":"https:\/\/thesurfersbible.com\/obtiens-une-bible\/"},"modified":"2026-01-23T12:01:06","modified_gmt":"2026-01-23T10:01:06","slug":"obtiens-une-bible","status":"publish","type":"page","link":"https:\/\/thesurfersbible.com\/fr\/obtiens-une-bible\/","title":{"rendered":"Obtiens une Bible"},"content":{"rendered":"\n<div class=\"wp-block-columns is-layout-flex wp-container-core-columns-is-layout-9d6595d7 wp-block-columns-is-layout-flex\">\n<div class=\"wp-block-column is-layout-flow wp-block-column-is-layout-flow\" style=\"flex-basis:20%\"><\/div>\n\n\n\n<div class=\"wp-block-column is-layout-flow wp-block-column-is-layout-flow\">\n<h3 class=\"wp-block-heading has-text-align-center\">On veut t&#8217;offrir une BIBLE DES SURFEURS<\/h3>\n\n\n\n<p class=\"has-text-align-center\">Si tu es surfeur et que tu n&#8217;as pas encore de Bible, on aimerait mettre une Bible des Surfeurs entre tes mains. On enverra une Bible des Surfeurs \u00e0 ton adresse, et tu auras juste \u00e0 r\u00e9gler les frais de port. Ou sinon, tu peux trouver ton <a href=\"https:\/\/www.christiansurfers.net\/connect\">groupe local Christian Surfers<\/a> afin qu&#8217;on te donne en personne une Bible des Surfeurs.<\/p>\n\n\n\n<h3 class=\"wp-block-heading has-text-align-center\">COMMANDE EN LIGNE <\/h3>\n\n\n\n<p class=\"has-text-align-center\">Choisis un pays ci-dessous pour acc\u00e9der \u00e0 la boutique en ligne et demander une Bible des Surfeurs.<\/p>\n\n\n\n<div class=\"wp-block-columns is-not-stacked-on-mobile is-layout-flex wp-container-core-columns-is-layout-9d6595d7 wp-block-columns-is-layout-flex\">\n<div class=\"wp-block-column is-layout-flow wp-block-column-is-layout-flow\"><div class=\"wp-block-image is-style-default text-center wp-duotone-unset-1\">\n<figure class=\"aligncenter size-full is-resized\"><a href=\"https:\/\/store-au.thesurfersbible.com\/\"><img loading=\"lazy\" decoding=\"async\" width=\"10080\" height=\"5040\" src=\"https:\/\/thesurfersbible.com\/wp-content\/uploads\/\/Flag_of_Australia_converted.svg\" alt=\"\" class=\"wp-image-1914\" style=\"aspect-ratio:16\/9;object-fit:cover;width:330px\"\/><\/a><figcaption class=\"wp-element-caption\"><strong>AUSTRALIE<\/strong><\/figcaption><\/figure>\n<\/div><\/div>\n\n\n\n<div class=\"wp-block-column is-layout-flow wp-block-column-is-layout-flow\"><div class=\"wp-block-image text-center\">\n<figure class=\"aligncenter size-full is-resized\"><a href=\"https:\/\/store-nz.thesurfersbible.com\/\"><img loading=\"lazy\" decoding=\"async\" width=\"1200\" height=\"600\" src=\"https:\/\/thesurfersbible.com\/wp-content\/uploads\/\/Flag_of_New_Zealand.svg\" alt=\"\" class=\"wp-image-1916\" style=\"aspect-ratio:16\/9;object-fit:cover;width:330px\"\/><\/a><figcaption class=\"wp-element-caption\"><strong>NOUVELLE Z\u00c9LANDE<\/strong><\/figcaption><\/figure>\n<\/div><\/div>\n<\/div>\n\n\n\n<div class=\"wp-block-columns is-not-stacked-on-mobile is-layout-flex wp-container-core-columns-is-layout-9d6595d7 wp-block-columns-is-layout-flex\">\n<div class=\"wp-block-column is-layout-flow wp-block-column-is-layout-flow\"><div class=\"wp-block-image text-center\">\n<figure class=\"aligncenter size-full is-resized\"><a href=\"https:\/\/store-fr.thesurfersbible.com\/\"><img loading=\"lazy\" decoding=\"async\" width=\"900\" height=\"600\" src=\"https:\/\/thesurfersbible.com\/wp-content\/uploads\/\/Flag_of_France.svg\" alt=\"\" class=\"wp-image-1924\" style=\"aspect-ratio:16\/9;object-fit:cover;width:330px\"\/><\/a><figcaption class=\"wp-element-caption\"><strong>FRANCE<\/strong><\/figcaption><\/figure>\n<\/div><\/div>\n\n\n\n<div class=\"wp-block-column is-layout-flow wp-block-column-is-layout-flow\"><div class=\"wp-block-image text-center\">\n<figure class=\"aligncenter size-full is-resized\"><a href=\"https:\/\/store-uk.thesurfersbible.com\/\"><img loading=\"lazy\" decoding=\"async\" width=\"60\" height=\"30\" src=\"https:\/\/thesurfersbible.com\/wp-content\/uploads\/\/Flag_of_the_United_Kingdom_1-2.svg\" alt=\"\" class=\"wp-image-1920\" style=\"aspect-ratio:16\/9;object-fit:cover;width:330px\"\/><\/a><figcaption class=\"wp-element-caption\"><strong><strong>ROYAUME UNI<\/strong><\/strong><\/figcaption><\/figure>\n<\/div><\/div>\n<\/div>\n\n\n\n<h3 class=\"wp-block-heading has-text-align-center\">PROCHAINEMENT<\/h3>\n\n\n\n<p class=\"has-text-align-center\">Nous en sommes aux derni\u00e8res \u00e9tapes de la pr\u00e9paration du magasin am\u00e9ricain.<\/p>\n\n\n\n<p class=\"has-text-align-center\">Le magasin d&#8217;Afrique du Sud est en attente de bibles en raison de retards de livraison inattendus.<\/p>\n\n\n\n<p class=\"has-text-align-center\">Merci de revenir bient\u00f4t <em> &#8211; nous vous remercions de votre patience <\/em> !<\/p>\n\n\n\n<div class=\"wp-block-columns is-not-stacked-on-mobile is-layout-flex wp-container-core-columns-is-layout-9d6595d7 wp-block-columns-is-layout-flex\">\n<div class=\"wp-block-column is-layout-flow wp-block-column-is-layout-flow\"><div class=\"wp-block-image text-center\">\n<figure class=\"aligncenter size-full is-resized\"><img loading=\"lazy\" decoding=\"async\" width=\"7410\" height=\"3900\" src=\"https:\/\/thesurfersbible.com\/wp-content\/uploads\/\/Flag_of_the_United_States.svg\" alt=\"\" class=\"wp-image-1918\" style=\"aspect-ratio:16\/9;object-fit:cover;width:330px\"\/><figcaption class=\"wp-element-caption\"><strong>USA &#8211; PROCHAINEMENT<\/strong><\/figcaption><\/figure>\n<\/div><\/div>\n\n\n\n<div class=\"wp-block-column is-layout-flow wp-block-column-is-layout-flow\"><div class=\"wp-block-image text-center\">\n<figure class=\"aligncenter size-full is-resized\"><img loading=\"lazy\" decoding=\"async\" width=\"90\" height=\"60\" src=\"https:\/\/thesurfersbible.com\/wp-content\/uploads\/\/Flag_of_South_Africa.svg\" alt=\"\" class=\"wp-image-1922\" style=\"aspect-ratio:16\/9;object-fit:cover;width:330px\"\/><figcaption class=\"wp-element-caption\"><strong>SOUTH AFRICA &#8211; PROCHAINEMENT<\/strong><\/figcaption><\/figure>\n<\/div><\/div>\n<\/div>\n\n\n\n<div style=\"height:62px\" aria-hidden=\"true\" class=\"wp-block-spacer\"><\/div>\n\n\n\n<p class=\"has-text-align-center\">Tu cherches une Bible des Surfeurs dans un autre pays ? Notre but avec le projet de la Bible des Surfeurs est d&#8217;atteindre les surfeurs dans tous les pays. Nous n&#8217;en sommes pas encore l\u00e0, mais nous aimerions que vous contactiez l&#8217;\u00e9quipe de Christian Surfers dans votre pays.<\/p>\n\n\n\n<div class=\"wp-block-buttons is-content-justification-center is-layout-flex wp-container-core-buttons-is-layout-16018d1d wp-block-buttons-is-layout-flex\">\n<div class=\"wp-block-button\"><a class=\"wp-block-button__link has-colour-2-color has-colour-0-background-color has-text-color has-background has-link-color has-border-color wp-element-button\" href=\"https:\/\/www.christiansurfers.net\/connect\" style=\"border-color:#005d80;border-width:2px\">Rencontre des locaux<\/a><\/div>\n<\/div>\n\n\n\n<div class=\"wp-block-buttons is-content-justification-center is-layout-flex wp-container-core-buttons-is-layout-16018d1d wp-block-buttons-is-layout-flex\">\n<div class=\"wp-block-button\"><a class=\"wp-block-button__link has-colour-1-color has-colour-2-background-color has-text-color has-background has-link-color has-border-color wp-element-button\" href=\"http:\/\/www.thesurfersbible.com\/give\/donate\/\" style=\"border-color:#005d80;border-width:2px\" target=\"_blank\" rel=\"noreferrer noopener\">Moi, je donne une Bible<\/a><\/div>\n<\/div>\n<\/div>\n\n\n\n<div class=\"wp-block-column is-layout-flow wp-block-column-is-layout-flow\" style=\"flex-basis:20%\"><\/div>\n<\/div>\n\n\n\n<div class=\"wp-block-group has-colour-4-background-color has-background\" style=\"border-radius:16px\"><div class=\"wp-block-group__inner-container is-layout-constrained wp-block-group-is-layout-constrained\">\n<div class=\"wp-block-columns are-vertically-aligned-center is-layout-flex wp-container-core-columns-is-layout-9d6595d7 wp-block-columns-is-layout-flex\">\n<div class=\"wp-block-column is-vertically-aligned-center medium-order-2 is-layout-flow wp-block-column-is-layout-flow\">\n<figure class=\"wp-block-image size-full\"><img loading=\"lazy\" decoding=\"async\" width=\"1200\" height=\"1075\" src=\"https:\/\/thesurfersbible.com\/wp-content\/uploads\/CS_Surfers-Bible_Cover_B.png\" alt=\"\" class=\"wp-image-943\" srcset=\"https:\/\/thesurfersbible.com\/wp-content\/uploads\/CS_Surfers-Bible_Cover_B.png 1200w, https:\/\/thesurfersbible.com\/wp-content\/uploads\/CS_Surfers-Bible_Cover_B-600x538.png 600w, https:\/\/thesurfersbible.com\/wp-content\/uploads\/CS_Surfers-Bible_Cover_B-768x688.png 768w, https:\/\/thesurfersbible.com\/wp-content\/uploads\/CS_Surfers-Bible_Cover_B-450x403.png 450w\" sizes=\"auto, (max-width: 1200px) 100vw, 1200px\" \/><\/figure>\n<\/div>\n\n\n\n<div class=\"wp-block-column is-vertically-aligned-center medium-order-1 is-layout-flow wp-block-column-is-layout-flow\">\n<h2 class=\"wp-block-heading h3 has-colour-1-color has-text-color has-link-color wp-elements-3ae6e78cf68e11a206df7d779b158035\"><strong>We want to give every surfer a Bible for free so they have the opportunity to know Jesus.<\/strong><\/h2>\n\n\n\n<p class=\"has-colour-1-color has-text-color has-link-color wp-elements-ee62a0116b2207b6d93467d3a7810892\">\u2028This is made possible through our generous community of supporters.<\/p>\n\n\n\n<div class=\"wp-block-buttons is-layout-flex wp-block-buttons-is-layout-flex\">\n<div class=\"wp-block-button\"><a class=\"wp-block-button__link has-colour-3-color has-colour-1-background-color has-text-color has-background has-link-color has-border-color has-colour-1-border-color wp-element-button\" href=\"https:\/\/thesurfersbible.com\/get-a-bible\/\" style=\"border-width:2px\">Get a Bible<\/a><\/div>\n\n\n\n<div class=\"wp-block-button\"><a class=\"wp-block-button__link has-colour-6-color has-colour-0-background-color has-text-color has-background has-link-color has-border-color has-colour-6-border-color wp-element-button\" href=\"https:\/\/thesurfersbible.com\/give\/donate\/\" style=\"border-width:2px\">Give a Bible<\/a><\/div>\n<\/div>\n<\/div>\n<\/div>\n<\/div><\/div>\n","protected":false},"excerpt":{"rendered":"<p>On veut t&#8217;offrir une BIBLE DES SURFEURS Si tu es surfeur et que tu n&#8217;as pas encore de Bible, on aimerait mettre une Bible des Surfeurs entre tes mains. On enverra une Bible des Surfeurs \u00e0 ton adresse, et tu auras juste \u00e0 r\u00e9gler les frais de port. Ou sinon, tu peux trouver ton groupe [&hellip;]<\/p>\n","protected":false},"author":1,"featured_media":0,"parent":0,"menu_order":0,"comment_status":"closed","ping_status":"closed","template":"","meta":{"_acf_changed":false,"footnotes":""},"class_list":["post-1828","page","type-page","status-publish","hentry"],"acf":[],"yoast_head":"<!-- This site is optimized with the Yoast SEO plugin v22.9 - https:\/\/yoast.com\/wordpress\/plugins\/seo\/ -->\n<title>Obtiens une Bible - Surfers Bible<\/title>\n<meta name=\"robots\" content=\"index, follow, max-snippet:-1, max-image-preview:large, max-video-preview:-1\" \/>\n<link rel=\"canonical\" href=\"https:\/\/thesurfersbible.com\/fr\/obtiens-une-bible\/\" \/>\n<meta property=\"og:locale\" content=\"fr_FR\" \/>\n<meta property=\"og:type\" content=\"article\" \/>\n<meta property=\"og:title\" content=\"Obtiens une Bible - Surfers Bible\" \/>\n<meta property=\"og:description\" content=\"On veut t&#8217;offrir une BIBLE DES SURFEURS Si tu es surfeur et que tu n&#8217;as pas encore de Bible, on aimerait mettre une Bible des Surfeurs entre tes mains. On enverra une Bible des Surfeurs \u00e0 ton adresse, et tu auras juste \u00e0 r\u00e9gler les frais de port. Ou sinon, tu peux trouver ton groupe [&hellip;]\" \/>\n<meta property=\"og:url\" content=\"https:\/\/thesurfersbible.com\/fr\/obtiens-une-bible\/\" \/>\n<meta property=\"og:site_name\" content=\"Surfers Bible\" \/>\n<meta property=\"article:publisher\" content=\"https:\/\/www.facebook.com\/csinternational\/\" \/>\n<meta property=\"article:modified_time\" content=\"2026-01-23T10:01:06+00:00\" \/>\n<meta property=\"og:image\" content=\"https:\/\/thesurfersbible.com\/wp-content\/uploads\/\/Flag_of_Australia_converted.svg\" \/>\n<meta name=\"twitter:card\" content=\"summary_large_image\" \/>\n<meta name=\"twitter:label1\" content=\"Dur\u00e9e de lecture estim\u00e9e\" \/>\n\t<meta name=\"twitter:data1\" content=\"3 minutes\" \/>\n<script type=\"application\/ld+json\" class=\"yoast-schema-graph\">{\"@context\":\"https:\/\/schema.org\",\"@graph\":[{\"@type\":\"WebPage\",\"@id\":\"https:\/\/thesurfersbible.com\/fr\/obtiens-une-bible\/\",\"url\":\"https:\/\/thesurfersbible.com\/fr\/obtiens-une-bible\/\",\"name\":\"Obtiens une Bible - Surfers Bible\",\"isPartOf\":{\"@id\":\"https:\/\/thesurfersbible.com\/fr\/#website\"},\"primaryImageOfPage\":{\"@id\":\"https:\/\/thesurfersbible.com\/fr\/obtiens-une-bible\/#primaryimage\"},\"image\":{\"@id\":\"https:\/\/thesurfersbible.com\/fr\/obtiens-une-bible\/#primaryimage\"},\"thumbnailUrl\":\"https:\/\/thesurfersbible.com\/wp-content\/uploads\/\/Flag_of_Australia_converted.svg\",\"datePublished\":\"2024-05-15T07:00:33+00:00\",\"dateModified\":\"2026-01-23T10:01:06+00:00\",\"breadcrumb\":{\"@id\":\"https:\/\/thesurfersbible.com\/fr\/obtiens-une-bible\/#breadcrumb\"},\"inLanguage\":\"fr-FR\",\"potentialAction\":[{\"@type\":\"ReadAction\",\"target\":[\"https:\/\/thesurfersbible.com\/fr\/obtiens-une-bible\/\"]}]},{\"@type\":\"ImageObject\",\"inLanguage\":\"fr-FR\",\"@id\":\"https:\/\/thesurfersbible.com\/fr\/obtiens-une-bible\/#primaryimage\",\"url\":\"https:\/\/thesurfersbible.com\/wp-content\/uploads\/\/Flag_of_Australia_converted.svg\",\"contentUrl\":\"https:\/\/thesurfersbible.com\/wp-content\/uploads\/\/Flag_of_Australia_converted.svg\"},{\"@type\":\"BreadcrumbList\",\"@id\":\"https:\/\/thesurfersbible.com\/fr\/obtiens-une-bible\/#breadcrumb\",\"itemListElement\":[{\"@type\":\"ListItem\",\"position\":1,\"name\":\"Home\",\"item\":\"https:\/\/thesurfersbible.com\/fr\/\"},{\"@type\":\"ListItem\",\"position\":2,\"name\":\"Obtiens une Bible\"}]},{\"@type\":\"WebSite\",\"@id\":\"https:\/\/thesurfersbible.com\/fr\/#website\",\"url\":\"https:\/\/thesurfersbible.com\/fr\/\",\"name\":\"The Surfers Bible\",\"description\":\"New Testament\",\"publisher\":{\"@id\":\"https:\/\/thesurfersbible.com\/fr\/#organization\"},\"potentialAction\":[{\"@type\":\"SearchAction\",\"target\":{\"@type\":\"EntryPoint\",\"urlTemplate\":\"https:\/\/thesurfersbible.com\/fr\/?s={search_term_string}\"},\"query-input\":\"required name=search_term_string\"}],\"inLanguage\":\"fr-FR\"},{\"@type\":\"Organization\",\"@id\":\"https:\/\/thesurfersbible.com\/fr\/#organization\",\"name\":\"Christian Surfers International\",\"url\":\"https:\/\/thesurfersbible.com\/fr\/\",\"logo\":{\"@type\":\"ImageObject\",\"inLanguage\":\"fr-FR\",\"@id\":\"https:\/\/thesurfersbible.com\/fr\/#\/schema\/logo\/image\/\",\"url\":\"https:\/\/thesurfersbible.com\/wp-content\/uploads\/Surfers-Bible-CS-Logo.svg\",\"contentUrl\":\"https:\/\/thesurfersbible.com\/wp-content\/uploads\/Surfers-Bible-CS-Logo.svg\",\"width\":1969,\"height\":509,\"caption\":\"Christian Surfers International\"},\"image\":{\"@id\":\"https:\/\/thesurfersbible.com\/fr\/#\/schema\/logo\/image\/\"},\"sameAs\":[\"https:\/\/www.facebook.com\/csinternational\/\",\"https:\/\/www.instagram.com\/christiansurfers_\/\",\"https:\/\/www.youtube.com\/user\/christiansurfersint\"]}]}<\/script>\n<!-- \/ Yoast SEO plugin. -->","yoast_head_json":{"title":"Obtiens une Bible - Surfers Bible","robots":{"index":"index","follow":"follow","max-snippet":"max-snippet:-1","max-image-preview":"max-image-preview:large","max-video-preview":"max-video-preview:-1"},"canonical":"https:\/\/thesurfersbible.com\/fr\/obtiens-une-bible\/","og_locale":"fr_FR","og_type":"article","og_title":"Obtiens une Bible - Surfers Bible","og_description":"On veut t&#8217;offrir une BIBLE DES SURFEURS Si tu es surfeur et que tu n&#8217;as pas encore de Bible, on aimerait mettre une Bible des Surfeurs entre tes mains. On enverra une Bible des Surfeurs \u00e0 ton adresse, et tu auras juste \u00e0 r\u00e9gler les frais de port. Ou sinon, tu peux trouver ton groupe [&hellip;]","og_url":"https:\/\/thesurfersbible.com\/fr\/obtiens-une-bible\/","og_site_name":"Surfers Bible","article_publisher":"https:\/\/www.facebook.com\/csinternational\/","article_modified_time":"2026-01-23T10:01:06+00:00","og_image":[{"url":"https:\/\/thesurfersbible.com\/wp-content\/uploads\/\/Flag_of_Australia_converted.svg"}],"twitter_card":"summary_large_image","twitter_misc":{"Dur\u00e9e de lecture estim\u00e9e":"3 minutes"},"schema":{"@context":"https:\/\/schema.org","@graph":[{"@type":"WebPage","@id":"https:\/\/thesurfersbible.com\/fr\/obtiens-une-bible\/","url":"https:\/\/thesurfersbible.com\/fr\/obtiens-une-bible\/","name":"Obtiens une Bible - Surfers Bible","isPartOf":{"@id":"https:\/\/thesurfersbible.com\/fr\/#website"},"primaryImageOfPage":{"@id":"https:\/\/thesurfersbible.com\/fr\/obtiens-une-bible\/#primaryimage"},"image":{"@id":"https:\/\/thesurfersbible.com\/fr\/obtiens-une-bible\/#primaryimage"},"thumbnailUrl":"https:\/\/thesurfersbible.com\/wp-content\/uploads\/\/Flag_of_Australia_converted.svg","datePublished":"2024-05-15T07:00:33+00:00","dateModified":"2026-01-23T10:01:06+00:00","breadcrumb":{"@id":"https:\/\/thesurfersbible.com\/fr\/obtiens-une-bible\/#breadcrumb"},"inLanguage":"fr-FR","potentialAction":[{"@type":"ReadAction","target":["https:\/\/thesurfersbible.com\/fr\/obtiens-une-bible\/"]}]},{"@type":"ImageObject","inLanguage":"fr-FR","@id":"https:\/\/thesurfersbible.com\/fr\/obtiens-une-bible\/#primaryimage","url":"https:\/\/thesurfersbible.com\/wp-content\/uploads\/\/Flag_of_Australia_converted.svg","contentUrl":"https:\/\/thesurfersbible.com\/wp-content\/uploads\/\/Flag_of_Australia_converted.svg"},{"@type":"BreadcrumbList","@id":"https:\/\/thesurfersbible.com\/fr\/obtiens-une-bible\/#breadcrumb","itemListElement":[{"@type":"ListItem","position":1,"name":"Home","item":"https:\/\/thesurfersbible.com\/fr\/"},{"@type":"ListItem","position":2,"name":"Obtiens une Bible"}]},{"@type":"WebSite","@id":"https:\/\/thesurfersbible.com\/fr\/#website","url":"https:\/\/thesurfersbible.com\/fr\/","name":"The Surfers Bible","description":"New Testament","publisher":{"@id":"https:\/\/thesurfersbible.com\/fr\/#organization"},"potentialAction":[{"@type":"SearchAction","target":{"@type":"EntryPoint","urlTemplate":"https:\/\/thesurfersbible.com\/fr\/?s={search_term_string}"},"query-input":"required name=search_term_string"}],"inLanguage":"fr-FR"},{"@type":"Organization","@id":"https:\/\/thesurfersbible.com\/fr\/#organization","name":"Christian Surfers International","url":"https:\/\/thesurfersbible.com\/fr\/","logo":{"@type":"ImageObject","inLanguage":"fr-FR","@id":"https:\/\/thesurfersbible.com\/fr\/#\/schema\/logo\/image\/","url":"https:\/\/thesurfersbible.com\/wp-content\/uploads\/Surfers-Bible-CS-Logo.svg","contentUrl":"https:\/\/thesurfersbible.com\/wp-content\/uploads\/Surfers-Bible-CS-Logo.svg","width":1969,"height":509,"caption":"Christian Surfers International"},"image":{"@id":"https:\/\/thesurfersbible.com\/fr\/#\/schema\/logo\/image\/"},"sameAs":["https:\/\/www.facebook.com\/csinternational\/","https:\/\/www.instagram.com\/christiansurfers_\/","https:\/\/www.youtube.com\/user\/christiansurfersint"]}]}},"_links":{"self":[{"href":"https:\/\/thesurfersbible.com\/fr\/wp-json\/wp\/v2\/pages\/1828","targetHints":{"allow":["GET"]}}],"collection":[{"href":"https:\/\/thesurfersbible.com\/fr\/wp-json\/wp\/v2\/pages"}],"about":[{"href":"https:\/\/thesurfersbible.com\/fr\/wp-json\/wp\/v2\/types\/page"}],"author":[{"embeddable":true,"href":"https:\/\/thesurfersbible.com\/fr\/wp-json\/wp\/v2\/users\/1"}],"replies":[{"embeddable":true,"href":"https:\/\/thesurfersbible.com\/fr\/wp-json\/wp\/v2\/comments?post=1828"}],"version-history":[{"count":4,"href":"https:\/\/thesurfersbible.com\/fr\/wp-json\/wp\/v2\/pages\/1828\/revisions"}],"predecessor-version":[{"id":2511,"href":"https:\/\/thesurfersbible.com\/fr\/wp-json\/wp\/v2\/pages\/1828\/revisions\/2511"}],"wp:attachment":[{"href":"https:\/\/thesurfersbible.com\/fr\/wp-json\/wp\/v2\/media?parent=1828"}],"curies":[{"name":"wp","href":"https:\/\/api.w.org\/{rel}","templated":true}]}}